{"id":163,"date":"2021-10-20T08:49:52","date_gmt":"2021-10-20T06:49:52","guid":{"rendered":"https:\/\/aec-environnement.fr\/?page_id=163"},"modified":"2021-12-20T13:21:22","modified_gmt":"2021-12-20T12:21:22","slug":"environnement","status":"publish","type":"page","link":"https:\/\/aec-environnement.fr\/index.php\/environnement\/","title":{"rendered":"environnement"},"content":{"rendered":"\n<p class=\"has-large-font-size\"><strong>Pole environnement<\/strong><\/p>\n\n\n\n<div class=\"wp-block-columns\">\n<div class=\"wp-block-column\" style=\"flex-basis:33.33%\">\n<figure class=\"wp-block-image size-full is-resized is-style-rounded\"><img loading=\"lazy\" src=\"https:\/\/aec-environnement.fr\/wp-content\/uploads\/2021\/12\/marc2.png\" alt=\"\" class=\"wp-image-359\" width=\"203\" height=\"264\" srcset=\"https:\/\/aec-environnement.fr\/wp-content\/uploads\/2021\/12\/marc2.png 500w, https:\/\/aec-environnement.fr\/wp-content\/uploads\/2021\/12\/marc2-230x300.png 230w\" sizes=\"(max-width: 203px) 100vw, 203px\" \/><\/figure>\n<\/div>\n\n\n\n<div class=\"wp-block-column\" style=\"flex-basis:66.66%\">\n<p class=\"has-medium-font-size\">Responsable :  <strong>Marc Debarbat<\/strong><\/p>\n\n\n\n<p><\/p>\n\n\n\n<p><\/p>\n\n\n\n<p><\/p>\n\n\n\n<p style=\"font-size:30px\"><strong>Etudes d\u2019impact sur le milieu naturel&nbsp;: il s\u2019agit d\u2019\u00e9valuer l\u2019impact de rejet (de station ou d\u2019activit\u00e9s \u00e9conomiques) sur les cours d\u2019eau.<\/strong><\/p>\n<\/div>\n<\/div>\n\n\n\n<div class=\"wp-block-media-text alignwide is-stacked-on-mobile\" style=\"grid-template-columns:40% auto\"><figure class=\"wp-block-media-text__media\"><img loading=\"lazy\" width=\"583\" height=\"380\" src=\"https:\/\/aec-environnement.fr\/wp-content\/uploads\/2021\/12\/dragonfly-2.png\" alt=\"\" class=\"wp-image-431 size-full\" srcset=\"https:\/\/aec-environnement.fr\/wp-content\/uploads\/2021\/12\/dragonfly-2.png 583w, https:\/\/aec-environnement.fr\/wp-content\/uploads\/2021\/12\/dragonfly-2-300x196.png 300w\" sizes=\"(max-width: 583px) 100vw, 583px\" \/><\/figure><div class=\"wp-block-media-text__content\">\n<p class=\"has-normal-font-size\"><\/p>\n\n\n\n<div class=\"wp-block-media-text alignwide is-stacked-on-mobile\"><figure class=\"wp-block-media-text__media\"><img loading=\"lazy\" width=\"593\" height=\"358\" src=\"https:\/\/aec-environnement.fr\/wp-content\/uploads\/2021\/12\/riviere3.png\" alt=\"\" class=\"wp-image-430 size-full\" srcset=\"https:\/\/aec-environnement.fr\/wp-content\/uploads\/2021\/12\/riviere3.png 593w, https:\/\/aec-environnement.fr\/wp-content\/uploads\/2021\/12\/riviere3-300x181.png 300w\" sizes=\"(max-width: 593px) 100vw, 593px\" \/><\/figure><div class=\"wp-block-media-text__content\">\n<p class=\"has-normal-font-size\"><strong>Ces \u00e9tudes ont recours \u00e0 la chimie de l\u2019eau, via et \u00e0 l\u2019hydrobiologie, c\u2019est-\u00e0-dire \u00e0 l\u2019\u00e9tude de la faune des rivi\u00e8res par des pr\u00e9l\u00e8vement en rivi\u00e8re.<\/strong><\/p>\n<\/div><\/div>\n\n\n\n<div class=\"wp-block-columns\">\n<div class=\"wp-block-column\">\n<p><\/p>\n\n\n\n<p><\/p>\n\n\n\n<p class=\"has-normal-font-size\"><strong>Elles n\u00e9cessitent de maitriser l\u2019identification des peuplements d\u2019invert\u00e9br\u00e9s aquatiques.<\/strong><\/p>\n<\/div>\n\n\n\n<div class=\"wp-block-column\">\n<div class=\"wp-block-image is-style-rounded\"><figure class=\"aligncenter size-full\"><img loading=\"lazy\" width=\"646\" height=\"426\" src=\"https:\/\/aec-environnement.fr\/wp-content\/uploads\/2021\/12\/truite3.png\" alt=\"\" class=\"wp-image-429\" srcset=\"https:\/\/aec-environnement.fr\/wp-content\/uploads\/2021\/12\/truite3.png 646w, https:\/\/aec-environnement.fr\/wp-content\/uploads\/2021\/12\/truite3-300x198.png 300w\" sizes=\"(max-width: 646px) 100vw, 646px\" \/><\/figure><\/div>\n<\/div>\n<\/div>\n\n\n\n<p><\/p>\n\n\n\n<p><\/p>\n\n\n\n<p><\/p>\n<\/div><\/div>\n\n\n\n<p class=\"has-medium-font-size\"><strong><em>Nous pratiquons ces techniques depuis plus de vingt ans sur une centaine de cours d\u2019eau dans la France enti\u00e8re (le Loing, la Sioule, l\u2019Albarine,\u2026).<\/em><\/strong><\/p>\n","protected":false},"excerpt":{"rendered":"<p>Pole environnement Responsable : Marc Debarbat Etudes d\u2019impact sur le milieu naturel&nbsp;: il s\u2019agit d\u2019\u00e9valuer l\u2019impact de rejet (de station ou d\u2019activit\u00e9s \u00e9conomiques) sur les cours d\u2019eau. Nous pratiquons ces techniques depuis plus de vingt ans sur une centaine de cours d\u2019eau dans la France enti\u00e8re (le Loing, la Sioule, l\u2019Albarine,\u2026).<\/p>\n","protected":false},"author":1,"featured_media":0,"parent":0,"menu_order":0,"comment_status":"closed","ping_status":"closed","template":"","meta":[],"_links":{"self":[{"href":"https:\/\/aec-environnement.fr\/index.php\/wp-json\/wp\/v2\/pages\/163"}],"collection":[{"href":"https:\/\/aec-environnement.fr\/index.php\/wp-json\/wp\/v2\/pages"}],"about":[{"href":"https:\/\/aec-environnement.fr\/index.php\/wp-json\/wp\/v2\/types\/page"}],"author":[{"embeddable":true,"href":"https:\/\/aec-environnement.fr\/index.php\/wp-json\/wp\/v2\/users\/1"}],"replies":[{"embeddable":true,"href":"https:\/\/aec-environnement.fr\/index.php\/wp-json\/wp\/v2\/comments?post=163"}],"version-history":[{"count":37,"href":"https:\/\/aec-environnement.fr\/index.php\/wp-json\/wp\/v2\/pages\/163\/revisions"}],"predecessor-version":[{"id":432,"href":"https:\/\/aec-environnement.fr\/index.php\/wp-json\/wp\/v2\/pages\/163\/revisions\/432"}],"wp:attachment":[{"href":"https:\/\/aec-environnement.fr\/index.php\/wp-json\/wp\/v2\/media?parent=163"}],"curies":[{"name":"wp","href":"https:\/\/api.w.org\/{rel}","templated":true}]}}